{"id":5795,"date":"2025-10-06T14:00:23","date_gmt":"2025-10-06T14:00:23","guid":{"rendered":"https:\/\/pro-alu.com\/?post_type=product&#038;p=5795"},"modified":"2025-12-23T12:44:23","modified_gmt":"2025-12-23T12:44:23","slug":"pergola-fixe","status":"publish","type":"product","link":"https:\/\/pro-alu.com\/index.php\/product\/pergola-fixe\/","title":{"rendered":"Pergola fixe"},"content":{"rendered":"<p>Espace ext\u00e9rieur ombrag\u00e9<\/p>\n","protected":false},"excerpt":{"rendered":"<p>Mati\u00e8re : \u00a0Aluminium Toiture alu<\/p>\n<p>Options Personnalisations : Verre, Polycarbonate Fixe , Panneaux sandwich<\/p>\n<p>Ouverture \/ Fonction : pliss\u00e9e Selon mod\u00e8le<\/p>\n<p>Couleur : RAL au choix<\/p>\n<p>Finitions :\u00c9tanch\u00e9it\u00e9<\/p>\n<p>Dimensions :\u00a0 Sur mesure<\/p>\n<p>&nbsp;<\/p>\n","protected":false},"featured_media":5796,"template":"","meta":[],"product_brand":[],"product_cat":[37],"product_tag":[],"class_list":{"0":"post-5795","1":"product","2":"type-product","3":"status-publish","4":"has-post-thumbnail","6":"product_cat-pergola","8":"first","9":"instock","10":"shipping-taxable","11":"product-type-simple"},"_links":{"self":[{"href":"https:\/\/pro-alu.com\/index.php\/wp-json\/wp\/v2\/product\/5795","targetHints":{"allow":["GET"]}}],"collection":[{"href":"https:\/\/pro-alu.com\/index.php\/wp-json\/wp\/v2\/product"}],"about":[{"href":"https:\/\/pro-alu.com\/index.php\/wp-json\/wp\/v2\/types\/product"}],"wp:featuredmedia":[{"embeddable":true,"href":"https:\/\/pro-alu.com\/index.php\/wp-json\/wp\/v2\/media\/5796"}],"wp:attachment":[{"href":"https:\/\/pro-alu.com\/index.php\/wp-json\/wp\/v2\/media?parent=5795"}],"wp:term":[{"taxonomy":"product_brand","embeddable":true,"href":"https:\/\/pro-alu.com\/index.php\/wp-json\/wp\/v2\/product_brand?post=5795"},{"taxonomy":"product_cat","embeddable":true,"href":"https:\/\/pro-alu.com\/index.php\/wp-json\/wp\/v2\/product_cat?post=5795"},{"taxonomy":"product_tag","embeddable":true,"href":"https:\/\/pro-alu.com\/index.php\/wp-json\/wp\/v2\/product_tag?post=5795"}],"curies":[{"name":"wp","href":"https:\/\/api.w.org\/{rel}","templated":true}]}}