{"id":5773,"date":"2025-10-06T13:35:03","date_gmt":"2025-10-06T13:35:03","guid":{"rendered":"https:\/\/pro-alu.com\/?post_type=product&#038;p=5773"},"modified":"2025-10-06T13:35:03","modified_gmt":"2025-10-06T13:35:03","slug":"menuiserie-coulissante","status":"publish","type":"product","link":"https:\/\/pro-alu.com\/index.php\/product\/menuiserie-coulissante\/","title":{"rendered":"Menuiserie Coulissante"},"content":{"rendered":"<p>fen\u00eatres Solutions modernes et isolante<\/p>\n","protected":false},"excerpt":{"rendered":"<p>Mati\u00e8re : Aluminium + vitrage<\/p>\n<p>Options \/ Personnalisations : itrage clair, d\u00e9poli, fum\u00e9, s\u00e9curit\u00e9<\/p>\n<p>Ouverture \/ Fonction : Coulissante<\/p>\n<p>Couleur : RAL au choix<\/p>\n<p>Finitions :Volet roulant int\u00e9gr\u00e9 en option Sur mesure<\/p>\n<p>Dimensions possibles\u00a0 \u00a0: Sur mesure<\/p>\n","protected":false},"featured_media":5774,"template":"","meta":[],"product_brand":[],"product_cat":[15],"product_tag":[],"class_list":{"0":"post-5773","1":"product","2":"type-product","3":"status-publish","4":"has-post-thumbnail","6":"product_cat-uncategorized","8":"first","9":"instock","10":"shipping-taxable","11":"product-type-simple"},"_links":{"self":[{"href":"https:\/\/pro-alu.com\/index.php\/wp-json\/wp\/v2\/product\/5773","targetHints":{"allow":["GET"]}}],"collection":[{"href":"https:\/\/pro-alu.com\/index.php\/wp-json\/wp\/v2\/product"}],"about":[{"href":"https:\/\/pro-alu.com\/index.php\/wp-json\/wp\/v2\/types\/product"}],"wp:featuredmedia":[{"embeddable":true,"href":"https:\/\/pro-alu.com\/index.php\/wp-json\/wp\/v2\/media\/5774"}],"wp:attachment":[{"href":"https:\/\/pro-alu.com\/index.php\/wp-json\/wp\/v2\/media?parent=5773"}],"wp:term":[{"taxonomy":"product_brand","embeddable":true,"href":"https:\/\/pro-alu.com\/index.php\/wp-json\/wp\/v2\/product_brand?post=5773"},{"taxonomy":"product_cat","embeddable":true,"href":"https:\/\/pro-alu.com\/index.php\/wp-json\/wp\/v2\/product_cat?post=5773"},{"taxonomy":"product_tag","embeddable":true,"href":"https:\/\/pro-alu.com\/index.php\/wp-json\/wp\/v2\/product_tag?post=5773"}],"curies":[{"name":"wp","href":"https:\/\/api.w.org\/{rel}","templated":true}]}}