{"id":5768,"date":"2025-10-06T12:25:11","date_gmt":"2025-10-06T12:25:11","guid":{"rendered":"https:\/\/pro-alu.com\/?post_type=product&#038;p=5768"},"modified":"2025-10-06T12:25:11","modified_gmt":"2025-10-06T12:25:11","slug":"parois-cabines-de-douche","status":"publish","type":"product","link":"https:\/\/pro-alu.com\/index.php\/product\/parois-cabines-de-douche\/","title":{"rendered":"Parois &#038; cabines de douche"},"content":{"rendered":"<p>Design \u00e9l\u00e9gant et intime<\/p>\n","protected":false},"excerpt":{"rendered":"<p>Mati\u00e8re : Aluminium + verre s\u00e9curit<\/p>\n<p>Options Personnalisations : Vitrage clair, d\u00e9poli, fum\u00e9<\/p>\n<p>Ouverture \/ Fonction : Coulissante \/ Battante<\/p>\n<p>Couleur : RAL au choix<\/p>\n<p>Finitions : \u00c9tanch\u00e9it\u00e9 garantie<\/p>\n<p>Dimensions :\u00a0 Sur mesure<\/p>\n<p>&nbsp;<\/p>\n","protected":false},"featured_media":5769,"template":"","meta":[],"product_brand":[],"product_cat":[40],"product_tag":[],"class_list":{"0":"post-5768","1":"product","2":"type-product","3":"status-publish","4":"has-post-thumbnail","6":"product_cat-parois","8":"first","9":"instock","10":"shipping-taxable","11":"product-type-simple"},"_links":{"self":[{"href":"https:\/\/pro-alu.com\/index.php\/wp-json\/wp\/v2\/product\/5768","targetHints":{"allow":["GET"]}}],"collection":[{"href":"https:\/\/pro-alu.com\/index.php\/wp-json\/wp\/v2\/product"}],"about":[{"href":"https:\/\/pro-alu.com\/index.php\/wp-json\/wp\/v2\/types\/product"}],"wp:featuredmedia":[{"embeddable":true,"href":"https:\/\/pro-alu.com\/index.php\/wp-json\/wp\/v2\/media\/5769"}],"wp:attachment":[{"href":"https:\/\/pro-alu.com\/index.php\/wp-json\/wp\/v2\/media?parent=5768"}],"wp:term":[{"taxonomy":"product_brand","embeddable":true,"href":"https:\/\/pro-alu.com\/index.php\/wp-json\/wp\/v2\/product_brand?post=5768"},{"taxonomy":"product_cat","embeddable":true,"href":"https:\/\/pro-alu.com\/index.php\/wp-json\/wp\/v2\/product_cat?post=5768"},{"taxonomy":"product_tag","embeddable":true,"href":"https:\/\/pro-alu.com\/index.php\/wp-json\/wp\/v2\/product_tag?post=5768"}],"curies":[{"name":"wp","href":"https:\/\/api.w.org\/{rel}","templated":true}]}}