{"id":5489,"date":"2025-09-03T15:04:27","date_gmt":"2025-09-03T15:04:27","guid":{"rendered":"https:\/\/pro-alu.com\/?post_type=product&#038;p=5489"},"modified":"2025-12-23T12:45:16","modified_gmt":"2025-12-23T12:45:16","slug":"murs-rideaux","status":"publish","type":"product","link":"https:\/\/pro-alu.com\/index.php\/product\/murs-rideaux\/","title":{"rendered":"Murs rideaux"},"content":{"rendered":"<ul>\n<li data-start=\"720\" data-end=\"885\">\n<p data-start=\"722\" data-end=\"739\"><strong data-start=\"722\" data-end=\"737\">Variantes :<\/strong><\/p>\n<ul data-start=\"742\" data-end=\"885\">\n<li data-start=\"742\" data-end=\"786\">\n<p data-start=\"744\" data-end=\"786\">Mur rideau structurel ou semi-structurel<\/p>\n<\/li>\n<li data-start=\"789\" data-end=\"825\">\n<p data-start=\"791\" data-end=\"825\">Vitrage simple, double ou triple<\/p>\n<\/li>\n<li data-start=\"828\" data-end=\"885\">\n<p data-start=\"830\" data-end=\"885\">Avec ouvrants int\u00e9gr\u00e9s (battants ou oscillo-battants)<\/p>\n<\/li>\n<\/ul>\n<\/li>\n<li data-start=\"886\" data-end=\"1031\">\n<p data-start=\"888\" data-end=\"903\"><strong data-start=\"888\" data-end=\"901\">Options :<\/strong><\/p>\n<ul data-start=\"906\" data-end=\"1031\">\n<li data-start=\"906\" data-end=\"951\">\n<p data-start=\"908\" data-end=\"951\">Vitrage teint\u00e9, r\u00e9fl\u00e9chissant ou s\u00e9curit\u00e9<\/p>\n<\/li>\n<li data-start=\"954\" data-end=\"985\">\n<p data-start=\"956\" data-end=\"985\">Protection solaire int\u00e9gr\u00e9e<\/p>\n<\/li>\n<li data-start=\"988\" data-end=\"1031\">\n<p data-start=\"990\" data-end=\"1031\">\u00c9tanch\u00e9it\u00e9 renforc\u00e9e \u00e0 l\u2019air et \u00e0 l\u2019eau<\/p>\n<\/li>\n<\/ul>\n<\/li>\n<\/ul>\n","protected":false},"excerpt":{"rendered":"<p>Fa\u00e7ade l\u00e9g\u00e8re en aluminium et vitrage, souvent sur structures de grande hauteur.<\/p>\n","protected":false},"featured_media":5490,"template":"","meta":[],"product_brand":[],"product_cat":[34],"product_tag":[],"class_list":{"0":"post-5489","1":"product","2":"type-product","3":"status-publish","4":"has-post-thumbnail","6":"product_cat-facades","8":"first","9":"instock","10":"shipping-taxable","11":"product-type-simple"},"_links":{"self":[{"href":"https:\/\/pro-alu.com\/index.php\/wp-json\/wp\/v2\/product\/5489","targetHints":{"allow":["GET"]}}],"collection":[{"href":"https:\/\/pro-alu.com\/index.php\/wp-json\/wp\/v2\/product"}],"about":[{"href":"https:\/\/pro-alu.com\/index.php\/wp-json\/wp\/v2\/types\/product"}],"wp:featuredmedia":[{"embeddable":true,"href":"https:\/\/pro-alu.com\/index.php\/wp-json\/wp\/v2\/media\/5490"}],"wp:attachment":[{"href":"https:\/\/pro-alu.com\/index.php\/wp-json\/wp\/v2\/media?parent=5489"}],"wp:term":[{"taxonomy":"product_brand","embeddable":true,"href":"https:\/\/pro-alu.com\/index.php\/wp-json\/wp\/v2\/product_brand?post=5489"},{"taxonomy":"product_cat","embeddable":true,"href":"https:\/\/pro-alu.com\/index.php\/wp-json\/wp\/v2\/product_cat?post=5489"},{"taxonomy":"product_tag","embeddable":true,"href":"https:\/\/pro-alu.com\/index.php\/wp-json\/wp\/v2\/product_tag?post=5489"}],"curies":[{"name":"wp","href":"https:\/\/api.w.org\/{rel}","templated":true}]}}