{"id":4305,"date":"2023-11-01T06:31:41","date_gmt":"2023-11-01T06:31:41","guid":{"rendered":"https:\/\/prague.foxthemes.me\/elementor\/?page_id=4305"},"modified":"2023-11-01T06:31:41","modified_gmt":"2023-11-01T06:31:41","slug":"services","status":"publish","type":"page","link":"https:\/\/pro-alu.com\/index.php\/services\/","title":{"rendered":"Services"},"content":{"rendered":"\t\t<div data-elementor-type=\"wp-page\" data-elementor-id=\"4305\" class=\"elementor elementor-4305\">\n\t\t\t\t<div class=\"elementor-element elementor-element-24082b9 e-con-full e-flex e-con e-parent\" data-id=\"24082b9\" data-element_type=\"container\">\n\t\t\t\t<div class=\"elementor-element elementor-element-e5f7b6c elementor-widget elementor-widget-banner-title\" data-id=\"e5f7b6c\" data-element_type=\"widget\" data-widget_type=\"banner-title.default\">\n\t\t\t\t<div class=\"elementor-widget-container\">\n\t\t\t\t\t\t\t<section class=\"container-fluid top-banner no-padd  big fullheight light\">\t\t\t\t<span class=\"overlay\"><\/span>\n\t\t\t\t\t\t<div class=\"content\">\n\t\t\t\t<div class=\"prague-svg-animation-text\">\n\t\t\t\t\t\t\t\t\t<\/div>\n\t\t\t\t<div class=\"subtitle\">WE PROPOSE<\/div>\t\t\t\t<h1 class=\"title\">Best services<\/h1>\t\t\t\t\t\t\t\t\t\t\t<\/div>\n\t\t\t<div class=\"top-banner-cursor\"><\/div>\n\t\t<\/section>\n\t\t\t\t\t\t<\/div>\n\t\t\t\t<\/div>\n\t\t\t\t<\/div>\n\t\t<div class=\"elementor-element elementor-element-f7dadce e-flex e-con-boxed e-con e-parent\" data-id=\"f7dadce\" data-element_type=\"container\">\n\t\t\t\t\t<div class=\"e-con-inner\">\n\t\t<div class=\"elementor-element elementor-element-aec5051 e-con-full e-flex e-con e-child\" data-id=\"aec5051\" data-element_type=\"container\">\n\t\t\t\t<div class=\"elementor-element elementor-element-93f4b5c elementor-widget elementor-widget-team-widget\" data-id=\"93f4b5c\" data-element_type=\"widget\" data-widget_type=\"team-widget.default\">\n\t\t\t\t<div class=\"elementor-widget-container\">\n\t\t\t\t\t\t\t\t                <div class=\"team-wrapper  circle no-figure simple\">\n                    <div class=\"trans_figures \">\n\n\t\t\t\t\t\t                            <svg xmlns=\"http:\/\/www.w3.org\/2000\/svg\"\n                                 preserveAspectRatio=\"xMidYMid meet\">\n\n\t\t\t\t\t\t\t\t                                    <polygon fill=\"transparent\"\n                                             points=\"\"  style=\"-webkit-transform: translate(8px,8px);transform: translate(8px,8px);stroke-width:15;\" \/>\n\t\t\t\t\t\t\t\t\n                            <\/svg>\n\t\t\t\t\t\t                    <\/div>\n\n                    <div class=\"team-outer\" >\n\t\t\t\t\t\t                    <\/div>\n\n\t\t\t\t\t\t\t\t\t\t                <\/div>\n\t\t\t\t\t\t\t<\/div>\n\t\t\t\t<\/div>\n\t\t\t\t<\/div>\n\t\t<div class=\"elementor-element elementor-element-814243b e-con-full e-flex e-con e-child\" data-id=\"814243b\" data-element_type=\"container\">\n\t\t\t\t<div class=\"elementor-element elementor-element-61fddd7 elementor-widget elementor-widget-headings-widget\" data-id=\"61fddd7\" data-element_type=\"widget\" data-widget_type=\"headings-widget.default\">\n\t\t\t\t<div class=\"elementor-widget-container\">\n\t\t\t\t\t            <div class=\"heading  left dark \">\n\t\t\t\t\n\t\t\t\t                    <div class=\"subtitle \">OUR BASICS<\/div>\n                                                    <h2 class=\"title s\">Transform knowledge<br> into creative potential.<\/h2>\n                \t\t\t\t                <div class=\"content \">\n                    <p><p>The company principle of Prague is the collective conception. From the very beginning, the practice has believed in the virtues of exchange, crossing ideas, common effort, shared knowledge and enthusiasm. Prague studio believes in a socially engaged architecture. This approach is nourished by the numerous worldwide achievements made over the last forty years, and by a constant attention to the quality of public spaces and new uses.<\/p><\/p><\/div>\n\t\t\t\t\n            <\/div>\n\t\t\t\t\t\t\t<\/div>\n\t\t\t\t<\/div>\n\t\t\t\t<\/div>\n\t\t\t\t\t<\/div>\n\t\t\t\t<\/div>\n\t\t<div class=\"elementor-element elementor-element-ea750c0 e-con-full e-flex e-con e-parent\" data-id=\"ea750c0\" data-element_type=\"container\">\n\t\t\t\t<div class=\"elementor-element elementor-element-5e944b5 elementor-widget elementor-widget-prague-wrapper\" data-id=\"5e944b5\" data-element_type=\"widget\" data-widget_type=\"prague-wrapper.default\">\n\t\t\t\t<div class=\"elementor-widget-container\">\n\t\t\t\t\t\t\t\t<div class=\"prague-shortcode-parent \">\n\t\t\t\t<div class=\"prague-shortcode-parent-img\">\n\t\t\t\t\t<span class=\"overlay\"><\/span>\n\t\t\t\t\t\t\t\t\t<\/div>\n\t\t\t\t\n\t\t\t\t<div class=\"prague-shortcode-content-wrapp\">\n\t\t\t\t\t<div class=\"prague-shortcode-heading  light\">\n\t\t\t\t\t\t\t\t\t\t\t\t\t<div class=\"parent-subtitle \">SERVICES<\/div class=\"subtitle\">\n\t\t\t\t\t\t\n\t\t\t\t\t\t\t\t\t\t\t\t\t<h2 class=\"parent-title\">This is what we do.<\/h2>\n\t\t\t\t\t\t\t\t\t\t\t<\/div>\n\t\t\t\t\n\t\t\t\t\t\t\t\t\t<\/div>\n\t\t\t\t\n\t\t\t<\/div>\n\t\t\t\t\t\t\t<\/div>\n\t\t\t\t<\/div>\n\t\t\t\t<\/div>\n\t\t<div class=\"elementor-element elementor-element-5161084 services_section_about_me_page prague-shortcode-parent e-flex e-con-boxed e-con e-parent\" data-id=\"5161084\" data-element_type=\"container\">\n\t\t\t\t\t<div class=\"e-con-inner\">\n\t\t\t\t<div class=\"elementor-element elementor-element-6a9661d elementor-widget__width-inherit elementor-widget elementor-widget-custom-post-type-widget\" data-id=\"6a9661d\" data-element_type=\"widget\" data-widget_type=\"custom-post-type-widget.default\">\n\t\t\t\t<div class=\"elementor-widget-container\">\n\t\t\t\t\t<div data-unique-key=\"0bf3c8aa9017e52dd041b7e2c3327621\" class=\"js-load-more\" data-start-page=\"1\" data-max-page=\"1\" data-next-link=\"\"><div class=\"row prague_services prague_count_col3 prague_gap_col15 js-load-more-block no-footer-content prague-load-wrapper\" data-columns=\"prague_count_col3\" data-gap=\"prague_gap_col15\">\n<div class=\"portfolio-item-wrapp prague_filter_class js-filter-simple-block\">\n\t<div class=\"portfolio-item\">\n\n\t\t<div class=\"prague-services-wrapper\">\n\t\t\t\t\t\t\t<span class=\"services-item-icon fa fa-graduation-cap\"><\/span>\n\t\t\t \n\t\t\t<h3 class=\"services-item-title\">\u00c9tablissements d\u2019enseignement<\/h3>\n\t\t\t<div class=\"services-item-description\">\n\t\t\t\t<p>Des solutionsdurables et s\u00e9curis\u00e9es pour vos \u00e9tablissements .<\/p>\n\t\t\t<\/div>\n\t\t\t\t\t\t<a href=\"https:\/\/pro-alu.com\/index.php\/services-item\/etablissements-denseignement\/\" class=\"prague-services-link a-btn-2 creative\" target=\"_blank\">\n\t\t\t\t<span class=\"a-btn-line\"><\/span>\n\t\t\t    READ\t\t\t<\/a>\n\n\t\t<\/div>\n\n\t<\/div>\n<\/div>\n<div class=\"portfolio-item-wrapp prague_filter_class js-filter-simple-block column_paralax\">\n\t<div class=\"portfolio-item\">\n\n\t\t<div class=\"prague-services-wrapper\">\n\t\t\t\t\t\t\t<span class=\"services-item-icon fa fa-building\"><\/span>\n\t\t\t \n\t\t\t<h3 class=\"services-item-title\">R\u00e9sidentiel et Habitation<\/h3>\n\t\t\t<div class=\"services-item-description\">\n\t\t\t\t<p>Des solutions alu \u00e9l\u00e9gantes et robustes pour l\u2019habitat moderne.<\/p>\n\t\t\t<\/div>\n\t\t\t\t\t\t<a href=\"https:\/\/pro-alu.com\/index.php\/services-item\/residentiel-et-habitation\/\" class=\"prague-services-link a-btn-2 creative\" target=\"_blank\">\n\t\t\t\t<span class=\"a-btn-line\"><\/span>\n\t\t\t    READ\t\t\t<\/a>\n\n\t\t<\/div>\n\n\t<\/div>\n<\/div>\n<div class=\"portfolio-item-wrapp prague_filter_class js-filter-simple-block\">\n\t<div class=\"portfolio-item\">\n\n\t\t<div class=\"prague-services-wrapper\">\n\t\t\t\t\t\t\t<span class=\"services-item-icon fa fa-industry\"><\/span>\n\t\t\t \n\t\t\t<h3 class=\"services-item-title\">Industrie et Bureautique<\/h3>\n\t\t\t<div class=\"services-item-description\">\n\t\t\t\t<p>Robustesse, s\u00e9curit\u00e9 et confort au service des industries<\/p>\n\t\t\t<\/div>\n\t\t\t\t\t\t<a href=\"https:\/\/pro-alu.com\/index.php\/services-item\/industrie-et-bureautique\/\" class=\"prague-services-link a-btn-2 creative\" target=\"_blank\">\n\t\t\t\t<span class=\"a-btn-line\"><\/span>\n\t\t\t    READ\t\t\t<\/a>\n\n\t\t<\/div>\n\n\t<\/div>\n<\/div>\n<div class=\"portfolio-item-wrapp prague_filter_class js-filter-simple-block\">\n\t<div class=\"portfolio-item\">\n\n\t\t<div class=\"prague-services-wrapper\">\n\t\t\t\t\t\t\t<span class=\"services-item-icon fa fa-bed\"><\/span>\n\t\t\t \n\t\t\t<h3 class=\"services-item-title\">H\u00f4tellerie et Tourisme<\/h3>\n\t\t\t<div class=\"services-item-description\">\n\t\t\t\t<p>Des solutions \u00e9l\u00e9gantes et robustes pour vos projets touristiques<\/p>\n\t\t\t<\/div>\n\t\t\t\t\t\t<a href=\"https:\/\/pro-alu.com\/index.php\/services-item\/hotellerie-et-tourisme\/\" class=\"prague-services-link a-btn-2 creative\" target=\"_blank\">\n\t\t\t\t<span class=\"a-btn-line\"><\/span>\n\t\t\t    READ\t\t\t<\/a>\n\n\t\t<\/div>\n\n\t<\/div>\n<\/div>\n<div class=\"portfolio-item-wrapp prague_filter_class js-filter-simple-block column_paralax\">\n\t<div class=\"portfolio-item\">\n\n\t\t<div class=\"prague-services-wrapper\">\n\t\t\t\t\t\t\t<span class=\"services-item-icon fa fa-hospital-o\"><\/span>\n\t\t\t \n\t\t\t<h3 class=\"services-item-title\">\u00c9tablissements de Sant\u00e9<\/h3>\n\t\t\t<div class=\"services-item-description\">\n\t\t\t\t<p>Confort, s\u00e9curit\u00e9 et durabilit\u00e9 au service du secteur m\u00e9dical<\/p>\n\t\t\t<\/div>\n\t\t\t\t\t\t<a href=\"https:\/\/pro-alu.com\/index.php\/services-item\/building\/\" class=\"prague-services-link a-btn-2 creative\" target=\"_blank\">\n\t\t\t\t<span class=\"a-btn-line\"><\/span>\n\t\t\t    READ\t\t\t<\/a>\n\n\t\t<\/div>\n\n\t<\/div>\n<\/div>\n<div class=\"portfolio-item-wrapp prague_filter_class js-filter-simple-block\">\n\t<div class=\"portfolio-item\">\n\n\t\t<div class=\"prague-services-wrapper\">\n\t\t\t\t\t\t\t<span class=\"services-item-icon fa fa-shopping-bag\"><\/span>\n\t\t\t \n\t\t\t<h3 class=\"services-item-title\">Commerce et Showroom<\/h3>\n\t\t\t<div class=\"services-item-description\">\n\t\t\t\t<p>Pro Alu, partenaire des commerces et galeries contemporaines<\/p>\n\t\t\t<\/div>\n\t\t\t\t\t\t<a href=\"https:\/\/pro-alu.com\/index.php\/services-item\/commerce-et-showroom\/\" class=\"prague-services-link a-btn-2 creative\" target=\"_blank\">\n\t\t\t\t<span class=\"a-btn-line\"><\/span>\n\t\t\t    READ\t\t\t<\/a>\n\n\t\t<\/div>\n\n\t<\/div>\n<\/div>\t\t<\/div>\n\t\t\t\n\t\t<\/div>\n\t\t\t\t\t\t<\/div>\n\t\t\t\t<\/div>\n\t\t\t\t\t<\/div>\n\t\t\t\t<\/div>\n\t\t<div class=\"elementor-element elementor-element-861677e e-flex e-con-boxed e-con e-parent\" data-id=\"861677e\" data-element_type=\"container\">\n\t\t\t\t\t<div class=\"e-con-inner\">\n\t\t\t\t<div class=\"elementor-element elementor-element-1169721 elementor-widget__width-inherit elementor-widget elementor-widget-testimonials-widget\" data-id=\"1169721\" data-element_type=\"widget\" data-widget_type=\"testimonials-widget.default\">\n\t\t\t\t<div class=\"elementor-widget-container\">\n\t\t\t\t\t\t\t\t<div class=\"testimonials-wrapper no-figure\">\n\t\t\t\t<div id=\"swiper-instance-1169721\" class=\"testimonials-swiper swiper-container\" data-speed='3000' data-loop='1' data-autoplay='2000' data-center='0' data-mode='vertical' data-slides-per-view='1' data-lg-slides='1,0' data-md-slides='1,0' data-sm-slides='1,0' data-xs-slides='1,0'>\n\t\t\t\t<!-- Additional required wrapper -->\n\t\t\t\t\t<div class=\"swiper-wrapper\"> \n\t\t\t\t\t\t\t\t\t\t\t<div class=\"swiper-slide\">\n\t\t\t\t\t\t\t<div class=\"testimonials-item\">\n\t\t\t\t\t\t\t\t\t\t\t\t\t\t\t\t<span class=\"testimonials-icon fa fas fa-quote-right\"><\/span>\n\t\t\t\t\t\t\t\t\t\t\t\t\n\t\t\t\t\t\t\t\t\t\t\t\t\t\t\t\t\t<blockquote class=\"testimonials-description\"><p>Incredible as always. This guys have excellent taste,modeling, texturing &amp; rendering skills. The design fits in with what I would perceive as being Icelandic, the high wooden roof design and linear slatted interior elements and colours.<\/p><\/blockquote>\n\t\t\t\t\t\t\t\t\t\t\t\t\t\t\t\t\t\t\t\t\t\t\t\t\t\t<h4 class=\"testimonials-author\">Mark Eganberg<\/h4>\n\t\t\t\t\t\t\t\t\t\t\t\t\t\t\t<\/div>\n\t\t\t\t\t\t<\/div>   \n\t\t\t\t\t\t\t\t\t\t\t<div class=\"swiper-slide\">\n\t\t\t\t\t\t\t<div class=\"testimonials-item\">\n\t\t\t\t\t\t\t\t\t\t\t\t\t\t\t\t<span class=\"testimonials-icon fa fas fa-quote-right\"><\/span>\n\t\t\t\t\t\t\t\t\t\t\t\t\n\t\t\t\t\t\t\t\t\t\t\t\t\t\t\t\t\t<blockquote class=\"testimonials-description\"><p>Incredible as always. This guys have excellent taste,modeling, texturing &amp; rendering skills. The design fits in with what I would perceive as being Icelandic, the high wooden roof design and linear slatted interior elements and colours.<\/p><\/blockquote>\n\t\t\t\t\t\t\t\t\t\t\t\t\t\t\t\t\t\t\t\t\t\t\t\t\t\t<h4 class=\"testimonials-author\">Jennifer Hilbertson<\/h4>\n\t\t\t\t\t\t\t\t\t\t\t\t\t\t\t<\/div>\n\t\t\t\t\t\t<\/div>   \n\t\t\t\t\t\t\t\t\t\t\t<div class=\"swiper-slide\">\n\t\t\t\t\t\t\t<div class=\"testimonials-item\">\n\t\t\t\t\t\t\t\t\t\t\t\t\t\t\t\t<span class=\"testimonials-icon fa fas fa-quote-right\"><\/span>\n\t\t\t\t\t\t\t\t\t\t\t\t\n\t\t\t\t\t\t\t\t\t\t\t\t\t\t\t\t\t<blockquote class=\"testimonials-description\"><p>Incredible as always. This guys have excellent taste,modeling, texturing &amp; rendering skills. The design fits in with what I would perceive as being Icelandic, the high wooden roof design and linear slatted interior elements and colours.<\/p><\/blockquote>\n\t\t\t\t\t\t\t\t\t\t\t\t\t\t\t\t\t\t\t\t\t\t\t\t\t\t<h4 class=\"testimonials-author\">Lesley Grand<\/h4>\n\t\t\t\t\t\t\t\t\t\t\t\t\t\t\t<\/div>\n\t\t\t\t\t\t<\/div>   \n\t\t\t\t\t\t\t\t\t\t\t<div class=\"swiper-slide\">\n\t\t\t\t\t\t\t<div class=\"testimonials-item\">\n\t\t\t\t\t\t\t\t\t\t\t\t\t\t\t\t<span class=\"testimonials-icon fa fas fa-quote-right\"><\/span>\n\t\t\t\t\t\t\t\t\t\t\t\t\n\t\t\t\t\t\t\t\t\t\t\t\t\t\t\t\t\t<blockquote class=\"testimonials-description\"><p>Incredible as always. This guys have excellent taste,modeling, texturing &amp; rendering skills. The design fits in with what I would perceive as being Icelandic, the high wooden roof design and linear slatted interior elements and colours.<\/p><\/blockquote>\n\t\t\t\t\t\t\t\t\t\t\t\t\t\t\t\t\t\t\t\t\t\t\t\t\t\t<h4 class=\"testimonials-author\">John Frick<\/h4>\n\t\t\t\t\t\t\t\t\t\t\t\t\t\t\t<\/div>\n\t\t\t\t\t\t<\/div>   \n\t\t\t\t\t\t\t\t\t\t<\/div>\n\t\t\t\t\t<!-- If we need pagination -->\n\t\t\t\t\t<div class=\"testimonials-pagination-wrapper\">\n\t\t\t\t\t\t<div class=\"swiper-pagination \"><\/div>\n\t\t\t\t\t<\/div>\n\t\t\t\t<\/div>\n\t\t\t\t \n\t\t\t<\/div>\n\t\t\t\t\t\t\t<\/div>\n\t\t\t\t<\/div>\n\t\t\t\t\t<\/div>\n\t\t\t\t<\/div>\n\t\t\t\t<\/div>\n\t\t","protected":false},"excerpt":{"rendered":"Commerce et Showroom Les espaces commerciaux et d\u2019exposition exigent des solutions \u00e0 la fois esth\u00e9tiques, fonctionnelles et durables pour mettre","protected":false},"author":1,"featured_media":0,"parent":0,"menu_order":0,"comment_status":"closed","ping_status":"closed","template":"elementor_header_footer","meta":{"footnotes":""},"class_list":["post-4305","page","type-page","status-publish","hentry"],"featured_image_src":"","featured_image_src_square":"","_links":{"self":[{"href":"https:\/\/pro-alu.com\/index.php\/wp-json\/wp\/v2\/pages\/4305","targetHints":{"allow":["GET"]}}],"collection":[{"href":"https:\/\/pro-alu.com\/index.php\/wp-json\/wp\/v2\/pages"}],"about":[{"href":"https:\/\/pro-alu.com\/index.php\/wp-json\/wp\/v2\/types\/page"}],"author":[{"embeddable":true,"href":"https:\/\/pro-alu.com\/index.php\/wp-json\/wp\/v2\/users\/1"}],"replies":[{"embeddable":true,"href":"https:\/\/pro-alu.com\/index.php\/wp-json\/wp\/v2\/comments?post=4305"}],"version-history":[{"count":0,"href":"https:\/\/pro-alu.com\/index.php\/wp-json\/wp\/v2\/pages\/4305\/revisions"}],"wp:attachment":[{"href":"https:\/\/pro-alu.com\/index.php\/wp-json\/wp\/v2\/media?parent=4305"}],"curies":[{"name":"wp","href":"https:\/\/api.w.org\/{rel}","templated":true}]}}