{"id":4247,"date":"2023-11-01T05:23:36","date_gmt":"2023-11-01T05:23:36","guid":{"rendered":"https:\/\/prague.foxthemes.me\/elementor\/?page_id=4247"},"modified":"2025-09-05T15:03:03","modified_gmt":"2025-09-05T15:03:03","slug":"projects","status":"publish","type":"page","link":"https:\/\/pro-alu.com\/index.php\/projects\/","title":{"rendered":"Projects"},"content":{"rendered":"\t\t<div data-elementor-type=\"wp-page\" data-elementor-id=\"4247\" class=\"elementor elementor-4247\">\n\t\t\t\t<div class=\"elementor-element elementor-element-b3264f5 e-con-full e-flex e-con e-parent\" data-id=\"b3264f5\" data-element_type=\"container\">\n\t\t\t\t<div class=\"elementor-element elementor-element-5967d0a elementor-widget elementor-widget-banner-title\" data-id=\"5967d0a\" data-element_type=\"widget\" data-widget_type=\"banner-title.default\">\n\t\t\t\t<div class=\"elementor-widget-container\">\n\t\t\t\t\t\t\t<section class=\"container-fluid top-banner no-padd  big fullheight light\">\t\t\t\t<span class=\"overlay\"><\/span>\n\t\t\t<img decoding=\"async\" src=\"https:\/\/pro-alu.com\/wp-content\/uploads\/2017\/01\/05a33e43659493.57f77d5c830f8.jpg\" class=\"s-img-switch\" alt=\"\" \/>\t\t\t<div class=\"content\">\n\t\t\t\t<div class=\"prague-svg-animation-text\">\n\t\t\t\t\t\t\t\t\t<\/div>\n\t\t\t\t<div class=\"subtitle\">Nous travaillons avec pr\u00e9cision<\/div>\t\t\t\t<h2 class=\"title\">Nos r\u00e9f\u00e9rences projets<\/h2>\t\t\t\t\t\t\t\t\t\t\t<\/div>\n\t\t\t<div class=\"top-banner-cursor\"><\/div>\n\t\t<\/section>\n\t\t\t\t\t\t<\/div>\n\t\t\t\t<\/div>\n\t\t\t\t<\/div>\n\t\t<div class=\"elementor-element elementor-element-56690cb e-con-full e-flex e-con e-parent\" data-id=\"56690cb\" data-element_type=\"container\">\n\t\t\t\t<div class=\"elementor-element elementor-element-ed0855f elementor-widget elementor-widget-custom-post-type-widget\" data-id=\"ed0855f\" data-element_type=\"widget\" data-widget_type=\"custom-post-type-widget.default\">\n\t\t\t\t<div class=\"elementor-widget-container\">\n\t\t\t\t\t<div data-unique-key=\"139714cb2b9c35c987d2544328454258\" class=\"js-load-more\" data-start-page=\"1\" data-max-page=\"1\" data-next-link=\"\"><div class=\"row prague_list prague_count_col4 prague_gap_col15 js-load-more-block no-footer-content no-figure prague-load-wrapper\" data-columns=\"prague_count_col4\" data-gap=\"prague_gap_col15\"><div class=\"project-list-item js-filter-simple-block\"> \n\t<div class=\"project-list-outer\">\n\n\t\t\t\t<div class=\"trans_figures enable_anima\">\n\t\t\t<svg xmlns=\"http:\/\/www.w3.org\/2000\/svg\"\n\t\t\t   preserveAspectRatio=\"xMidYMid meet\">\n\n\t\t\t     \t\t\t       <polygon fill=\"transparent\" points=\"0 200,0 0,200, 0\"  \/>\n\t\t\t     \n\t\t\t<\/svg>\n\t\t<\/div>\n\t\t\t\t\n\t\t<div class=\"project-list-wrapper\">\n\n\t\t\t<div class=\"project-list-img\"> \n\t\t\t\t<img fetchpriority=\"high\" decoding=\"async\" width=\"1200\" height=\"800\" src=\"https:\/\/pro-alu.com\/wp-content\/uploads\/2017\/01\/51f1b143659493.57f77d5c9619a.jpg\" class=\"s-img-switch wp-post-image\" alt=\"\" srcset=\"https:\/\/pro-alu.com\/wp-content\/uploads\/2017\/01\/51f1b143659493.57f77d5c9619a.jpg 1200w, https:\/\/pro-alu.com\/wp-content\/uploads\/2017\/01\/51f1b143659493.57f77d5c9619a-600x400.jpg 600w, https:\/\/pro-alu.com\/wp-content\/uploads\/2017\/01\/51f1b143659493.57f77d5c9619a-300x200.jpg 300w, https:\/\/pro-alu.com\/wp-content\/uploads\/2017\/01\/51f1b143659493.57f77d5c9619a-1024x683.jpg 1024w, https:\/\/pro-alu.com\/wp-content\/uploads\/2017\/01\/51f1b143659493.57f77d5c9619a-768x512.jpg 768w, https:\/\/pro-alu.com\/wp-content\/uploads\/2017\/01\/51f1b143659493.57f77d5c9619a-500x333.jpg 500w\" sizes=\"(max-width: 1200px) 100vw, 1200px\" \/>\t\t\t<\/div>\n\n\t\t\t<div class=\"project-list-content\">\n\n\t\t\t\t \n\n\t\t\t\t\n\t\t\t\t<div class=\"project-list-excerpt\">\n\t\t\t\t\t<p><p>Pro Alu accompagne de nombreux projets d\u2019envergure dans les domaines r\u00e9sidentiels, tertiaires et institutionnels. Nos r\u00e9alisations t\u00e9moignent de notre savoir-faire en menuiserie aluminium, fa\u00e7ades architecturales, garde-corps et volets roulants, avec des solutions alliant design, performance et durabilit\u00e9.<\/p>\n<\/p>\n\t\t\t\t<\/div>\n\n\t\t\t\t<a href=\"https:\/\/pro-alu.com\/index.php\/projects-item\/seascape-villa\/\" class=\"project-list-link a-btn-arrow-2\" target=\"_blank\">\n\t\t\t\t\t<span class=\"arrow-right\"><\/span>\n\t\t\t\t\tREAD\t\t\t\t<\/a>\n\n\t\t\t<\/div>\n\t\t<\/div>\n\t<\/div>\n<\/div><div class=\"project-list-item js-filter-simple-block column_paralax\"> \n\t<div class=\"project-list-outer\">\n\n\t\t\t\t<div class=\"trans_figures enable_anima\">\n\t\t\t<svg xmlns=\"http:\/\/www.w3.org\/2000\/svg\"\n\t\t\t   preserveAspectRatio=\"xMidYMid meet\">\n\n\t\t\t     \t\t\t       <circle fill=\"transparent\" cx=\"100\" cy=\"100\" r=\"100\"  \/>\n\t\t\t     \n\t\t\t<\/svg>\n\t\t<\/div>\n\t\t\t\t\n\t\t<div class=\"project-list-wrapper\">\n\n\t\t\t<div class=\"project-list-img\"> \n\t\t\t\t<img decoding=\"async\" width=\"1024\" height=\"768\" src=\"https:\/\/pro-alu.com\/wp-content\/uploads\/2017\/01\/dana-house-01.jpg\" class=\"s-img-switch wp-post-image\" alt=\"\" srcset=\"https:\/\/pro-alu.com\/wp-content\/uploads\/2017\/01\/dana-house-01.jpg 1024w, https:\/\/pro-alu.com\/wp-content\/uploads\/2017\/01\/dana-house-01-300x225.jpg 300w, https:\/\/pro-alu.com\/wp-content\/uploads\/2017\/01\/dana-house-01-768x576.jpg 768w, https:\/\/pro-alu.com\/wp-content\/uploads\/2017\/01\/dana-house-01-500x375.jpg 500w, https:\/\/pro-alu.com\/wp-content\/uploads\/2017\/01\/dana-house-01-600x450.jpg 600w\" sizes=\"(max-width: 1024px) 100vw, 1024px\" \/>\t\t\t<\/div>\n\n\t\t\t<div class=\"project-list-content\">\n\n\t\t\t\t \n\n\t\t\t\t<h3 class=\"project-list-title\"><a href=\"https:\/\/pro-alu.com\/index.php\/projects-item\/dana-house\/\" target=\"_blank\">DANA HOUSE<\/a><\/h3>\n\t\t\t\t<div class=\"project-list-excerpt\">\n\t\t\t\t\t<p><p>Projet de construction d\u2019un immeuble R+8 au lotissement \u00ab LES PINS \u00bb Sise aux berges du Lac- Tunis.<br \/>\nLocalisation : LES BERGES DU LAC.2<\/p>\n<\/p>\n\t\t\t\t<\/div>\n\n\t\t\t\t<a href=\"https:\/\/pro-alu.com\/index.php\/projects-item\/dana-house\/\" class=\"project-list-link a-btn-arrow-2\" target=\"_blank\">\n\t\t\t\t\t<span class=\"arrow-right\"><\/span>\n\t\t\t\t\tREAD\t\t\t\t<\/a>\n\n\t\t\t<\/div>\n\t\t<\/div>\n\t<\/div>\n<\/div><div class=\"project-list-item js-filter-simple-block\"> \n\t<div class=\"project-list-outer\">\n\n\t\t\t\t<div class=\"trans_figures enable_anima\">\n\t\t\t<svg xmlns=\"http:\/\/www.w3.org\/2000\/svg\"\n\t\t\t   preserveAspectRatio=\"xMidYMid meet\">\n\n\t\t\t     \t\t\t       <polygon fill=\"transparent\" points=\"0,0 200,0 200,200 0,200\"  \/>\n\t\t\t     \n\t\t\t<\/svg>\n\t\t<\/div>\n\t\t\t\t\n\t\t<div class=\"project-list-wrapper\">\n\n\t\t\t<div class=\"project-list-img\"> \n\t\t\t\t<img decoding=\"async\" width=\"1024\" height=\"768\" src=\"https:\/\/pro-alu.com\/wp-content\/uploads\/2017\/01\/royal-absu-01.jpg\" class=\"s-img-switch wp-post-image\" alt=\"\" srcset=\"https:\/\/pro-alu.com\/wp-content\/uploads\/2017\/01\/royal-absu-01.jpg 1024w, https:\/\/pro-alu.com\/wp-content\/uploads\/2017\/01\/royal-absu-01-300x225.jpg 300w, https:\/\/pro-alu.com\/wp-content\/uploads\/2017\/01\/royal-absu-01-768x576.jpg 768w, https:\/\/pro-alu.com\/wp-content\/uploads\/2017\/01\/royal-absu-01-500x375.jpg 500w, https:\/\/pro-alu.com\/wp-content\/uploads\/2017\/01\/royal-absu-01-600x450.jpg 600w\" sizes=\"(max-width: 1024px) 100vw, 1024px\" \/>\t\t\t<\/div>\n\n\t\t\t<div class=\"project-list-content\">\n\n\t\t\t\t \n\n\t\t\t\t<h3 class=\"project-list-title\"><a href=\"https:\/\/pro-alu.com\/index.php\/projects-item\/hotel-royal-asbu\/\" target=\"_blank\">Hotel Royal ASBU<\/a><\/h3>\n\t\t\t\t<div class=\"project-list-excerpt\">\n\t\t\t\t\t<p><p>Id\u00e9alement situ\u00e9 au Centre Urbain Nord, le ROYAL ASBU Hotel Tunis est un \u00e9tablissement de luxe offrant un cadre raffin\u00e9 et moderne<\/p>\n<\/p>\n\t\t\t\t<\/div>\n\n\t\t\t\t<a href=\"https:\/\/pro-alu.com\/index.php\/projects-item\/hotel-royal-asbu\/\" class=\"project-list-link a-btn-arrow-2\" target=\"_blank\">\n\t\t\t\t\t<span class=\"arrow-right\"><\/span>\n\t\t\t\t\tREAD\t\t\t\t<\/a>\n\n\t\t\t<\/div>\n\t\t<\/div>\n\t<\/div>\n<\/div><div class=\"project-list-item js-filter-simple-block\"> \n\t<div class=\"project-list-outer\">\n\n\t\t\t\t<div class=\"trans_figures enable_anima\">\n\t\t\t<svg xmlns=\"http:\/\/www.w3.org\/2000\/svg\"\n\t\t\t   preserveAspectRatio=\"xMidYMid meet\">\n\n\t\t\t     \t\t\t       <polygon fill=\"transparent\" points=\"100,0 180,30 200,100 180,180 100,200 30,180 0,100 30,30\"  \/>\n\t\t\t     \n\t\t\t<\/svg>\n\t\t<\/div>\n\t\t\t\t\n\t\t<div class=\"project-list-wrapper\">\n\n\t\t\t<div class=\"project-list-img\"> \n\t\t\t\t<img loading=\"lazy\" decoding=\"async\" width=\"1024\" height=\"768\" src=\"https:\/\/pro-alu.com\/wp-content\/uploads\/2017\/01\/MARSAMALL-01.jpg\" class=\"s-img-switch wp-post-image\" alt=\"\" srcset=\"https:\/\/pro-alu.com\/wp-content\/uploads\/2017\/01\/MARSAMALL-01.jpg 1024w, https:\/\/pro-alu.com\/wp-content\/uploads\/2017\/01\/MARSAMALL-01-300x225.jpg 300w, https:\/\/pro-alu.com\/wp-content\/uploads\/2017\/01\/MARSAMALL-01-768x576.jpg 768w, https:\/\/pro-alu.com\/wp-content\/uploads\/2017\/01\/MARSAMALL-01-500x375.jpg 500w, https:\/\/pro-alu.com\/wp-content\/uploads\/2017\/01\/MARSAMALL-01-600x450.jpg 600w\" sizes=\"(max-width: 1024px) 100vw, 1024px\" \/>\t\t\t<\/div>\n\n\t\t\t<div class=\"project-list-content\">\n\n\t\t\t\t \n\n\t\t\t\t<h3 class=\"project-list-title\"><a href=\"https:\/\/pro-alu.com\/index.php\/projects-item\/marsa-mall\/\" target=\"_blank\">Marsa Mall<\/a><\/h3>\n\t\t\t\t<div class=\"project-list-excerpt\">\n\t\t\t\t\t<p><p>Pro ALU a marqu\u00e9 de son empreinte<br \/>\nle projet Millenium Mall La Marsa gr\u00e2ce \u00e0 sa contribution en menuiserie aluminium, offrant des solutions sur mesure qui allient modernit\u00e9, performance et \u00e9l\u00e9gance.<\/p>\n<\/p>\n\t\t\t\t<\/div>\n\n\t\t\t\t<a href=\"https:\/\/pro-alu.com\/index.php\/projects-item\/marsa-mall\/\" class=\"project-list-link a-btn-arrow-2\" target=\"_blank\">\n\t\t\t\t\t<span class=\"arrow-right\"><\/span>\n\t\t\t\t\tREAD\t\t\t\t<\/a>\n\n\t\t\t<\/div>\n\t\t<\/div>\n\t<\/div>\n<\/div><div class=\"project-list-item js-filter-simple-block column_paralax\"> \n\t<div class=\"project-list-outer\">\n\n\t\t\t\t<div class=\"trans_figures enable_anima\">\n\t\t\t<svg xmlns=\"http:\/\/www.w3.org\/2000\/svg\"\n\t\t\t   preserveAspectRatio=\"xMidYMid meet\">\n\n\t\t\t     \t\t\t       <circle fill=\"transparent\" cx=\"100\" cy=\"100\" r=\"100\"  \/>\n\t\t\t     \n\t\t\t<\/svg>\n\t\t<\/div>\n\t\t\t\t\n\t\t<div class=\"project-list-wrapper\">\n\n\t\t\t<div class=\"project-list-img\"> \n\t\t\t\t<img loading=\"lazy\" decoding=\"async\" width=\"1024\" height=\"649\" src=\"https:\/\/pro-alu.com\/wp-content\/uploads\/2017\/01\/gourmandise-01.jpg\" class=\"s-img-switch wp-post-image\" alt=\"\" srcset=\"https:\/\/pro-alu.com\/wp-content\/uploads\/2017\/01\/gourmandise-01.jpg 1024w, https:\/\/pro-alu.com\/wp-content\/uploads\/2017\/01\/gourmandise-01-300x190.jpg 300w, https:\/\/pro-alu.com\/wp-content\/uploads\/2017\/01\/gourmandise-01-768x487.jpg 768w, https:\/\/pro-alu.com\/wp-content\/uploads\/2017\/01\/gourmandise-01-500x317.jpg 500w, https:\/\/pro-alu.com\/wp-content\/uploads\/2017\/01\/gourmandise-01-600x380.jpg 600w\" sizes=\"(max-width: 1024px) 100vw, 1024px\" \/>\t\t\t<\/div>\n\n\t\t\t<div class=\"project-list-content\">\n\n\t\t\t\t \n\n\t\t\t\t<h3 class=\"project-list-title\"><a href=\"https:\/\/pro-alu.com\/index.php\/projects-item\/gourmandise\/\" target=\"_blank\">Gourmandise<\/a><\/h3>\n\t\t\t\t<div class=\"project-list-excerpt\">\n\t\t\t\t\t<p><p>Dans le cadre du projet Gourmandise La Marsa, Pro ALU a mis en \u0153uvre son savoir-faire \u00e0 travers la r\u00e9alisation soign\u00e9e de terrasses et de garde-corps vitr\u00e9s, alliant esth\u00e9tique \u00e9pur\u00e9e, s\u00e9curit\u00e9 et finitions haut de gamme.<\/p>\n<\/p>\n\t\t\t\t<\/div>\n\n\t\t\t\t<a href=\"https:\/\/pro-alu.com\/index.php\/projects-item\/gourmandise\/\" class=\"project-list-link a-btn-arrow-2\" target=\"_blank\">\n\t\t\t\t\t<span class=\"arrow-right\"><\/span>\n\t\t\t\t\tREAD\t\t\t\t<\/a>\n\n\t\t\t<\/div>\n\t\t<\/div>\n\t<\/div>\n<\/div><div class=\"project-list-item js-filter-simple-block\"> \n\t<div class=\"project-list-outer\">\n\n\t\t\t\t<div class=\"trans_figures enable_anima\">\n\t\t\t<svg xmlns=\"http:\/\/www.w3.org\/2000\/svg\"\n\t\t\t   preserveAspectRatio=\"xMidYMid meet\">\n\n\t\t\t     \t\t\t       <polygon fill=\"transparent\" points=\"0,0 200,0 200,200 0,200\"  \/>\n\t\t\t     \n\t\t\t<\/svg>\n\t\t<\/div>\n\t\t\t\t\n\t\t<div class=\"project-list-wrapper\">\n\n\t\t\t<div class=\"project-list-img\"> \n\t\t\t\t<img loading=\"lazy\" decoding=\"async\" width=\"1024\" height=\"523\" src=\"https:\/\/pro-alu.com\/wp-content\/uploads\/2017\/01\/Cartageresort-01.jpg\" class=\"s-img-switch wp-post-image\" alt=\"\" srcset=\"https:\/\/pro-alu.com\/wp-content\/uploads\/2017\/01\/Cartageresort-01.jpg 1024w, https:\/\/pro-alu.com\/wp-content\/uploads\/2017\/01\/Cartageresort-01-300x153.jpg 300w, https:\/\/pro-alu.com\/wp-content\/uploads\/2017\/01\/Cartageresort-01-768x392.jpg 768w, https:\/\/pro-alu.com\/wp-content\/uploads\/2017\/01\/Cartageresort-01-500x255.jpg 500w, https:\/\/pro-alu.com\/wp-content\/uploads\/2017\/01\/Cartageresort-01-600x306.jpg 600w\" sizes=\"(max-width: 1024px) 100vw, 1024px\" \/>\t\t\t<\/div>\n\n\t\t\t<div class=\"project-list-content\">\n\n\t\t\t\t \n\n\t\t\t\t<h3 class=\"project-list-title\"><a href=\"https:\/\/pro-alu.com\/index.php\/projects-item\/amman-rotana-hotel\/\" target=\"_blank\">CARTHAGE RESORT<\/a><\/h3>\n\t\t\t\t<div class=\"project-list-excerpt\">\n\t\t\t\t\t<p><p>R\u00e9sidence situ\u00e9e dans la zone touristique de la banlieue de Tunis au niveau de la r\u00e9gion c\u00f4ti\u00e8re de Gammarth.<br \/>\nDu haut standing alliant un design \u00e9pur\u00e9 et subtil \u00e0 une architecture moderne et fonctionnelle. <\/p>\n<\/p>\n\t\t\t\t<\/div>\n\n\t\t\t\t<a href=\"https:\/\/pro-alu.com\/index.php\/projects-item\/amman-rotana-hotel\/\" class=\"project-list-link a-btn-arrow-2\" target=\"_blank\">\n\t\t\t\t\t<span class=\"arrow-right\"><\/span>\n\t\t\t\t\tREAD\t\t\t\t<\/a>\n\n\t\t\t<\/div>\n\t\t<\/div>\n\t<\/div>\n<\/div><div class=\"project-list-item js-filter-simple-block\"> \n\t<div class=\"project-list-outer\">\n\n\t\t\t\t<div class=\"trans_figures enable_anima\">\n\t\t\t<svg xmlns=\"http:\/\/www.w3.org\/2000\/svg\"\n\t\t\t   preserveAspectRatio=\"xMidYMid meet\">\n\n\t\t\t     \t\t\t       <polygon fill=\"transparent\" points=\"100,0 180,30 200,100 180,180 100,200 30,180 0,100 30,30\"  \/>\n\t\t\t     \n\t\t\t<\/svg>\n\t\t<\/div>\n\t\t\t\t\n\t\t<div class=\"project-list-wrapper\">\n\n\t\t\t<div class=\"project-list-img\"> \n\t\t\t\t<img loading=\"lazy\" decoding=\"async\" width=\"1024\" height=\"523\" src=\"https:\/\/pro-alu.com\/wp-content\/uploads\/2017\/01\/Marinabizerte-01.jpg\" class=\"s-img-switch wp-post-image\" alt=\"\" srcset=\"https:\/\/pro-alu.com\/wp-content\/uploads\/2017\/01\/Marinabizerte-01.jpg 1024w, https:\/\/pro-alu.com\/wp-content\/uploads\/2017\/01\/Marinabizerte-01-300x153.jpg 300w, https:\/\/pro-alu.com\/wp-content\/uploads\/2017\/01\/Marinabizerte-01-768x392.jpg 768w, https:\/\/pro-alu.com\/wp-content\/uploads\/2017\/01\/Marinabizerte-01-500x255.jpg 500w, https:\/\/pro-alu.com\/wp-content\/uploads\/2017\/01\/Marinabizerte-01-600x306.jpg 600w\" sizes=\"(max-width: 1024px) 100vw, 1024px\" \/>\t\t\t<\/div>\n\n\t\t\t<div class=\"project-list-content\">\n\n\t\t\t\t \n\n\t\t\t\t<h3 class=\"project-list-title\"><a href=\"https:\/\/pro-alu.com\/index.php\/projects-item\/nautilus-marina-bizere\/\" target=\"_blank\">Nautilus Marina Bizere<\/a><\/h3>\n\t\t\t\t<div class=\"project-list-excerpt\">\n\t\t\t\t\t<p><p>Projet en Cour Marina Bizerte<\/p>\n<\/p>\n\t\t\t\t<\/div>\n\n\t\t\t\t<a href=\"https:\/\/pro-alu.com\/index.php\/projects-item\/nautilus-marina-bizere\/\" class=\"project-list-link a-btn-arrow-2\" target=\"_blank\">\n\t\t\t\t\t<span class=\"arrow-right\"><\/span>\n\t\t\t\t\tREAD\t\t\t\t<\/a>\n\n\t\t\t<\/div>\n\t\t<\/div>\n\t<\/div>\n<\/div><div class=\"project-list-item js-filter-simple-block column_paralax\"> \n\t<div class=\"project-list-outer\">\n\n\t\t\t\t<div class=\"trans_figures enable_anima\">\n\t\t\t<svg xmlns=\"http:\/\/www.w3.org\/2000\/svg\"\n\t\t\t   preserveAspectRatio=\"xMidYMid meet\">\n\n\t\t\t     \t\t\t       <circle fill=\"transparent\" cx=\"100\" cy=\"100\" r=\"100\"  \/>\n\t\t\t     \n\t\t\t<\/svg>\n\t\t<\/div>\n\t\t\t\t\n\t\t<div class=\"project-list-wrapper\">\n\n\t\t\t<div class=\"project-list-img\"> \n\t\t\t\t<img loading=\"lazy\" decoding=\"async\" width=\"1024\" height=\"523\" src=\"https:\/\/pro-alu.com\/wp-content\/uploads\/2017\/01\/tunisie-porcelaine-01.jpg\" class=\"s-img-switch wp-post-image\" alt=\"\" srcset=\"https:\/\/pro-alu.com\/wp-content\/uploads\/2017\/01\/tunisie-porcelaine-01.jpg 1024w, https:\/\/pro-alu.com\/wp-content\/uploads\/2017\/01\/tunisie-porcelaine-01-300x153.jpg 300w, https:\/\/pro-alu.com\/wp-content\/uploads\/2017\/01\/tunisie-porcelaine-01-768x392.jpg 768w, https:\/\/pro-alu.com\/wp-content\/uploads\/2017\/01\/tunisie-porcelaine-01-500x255.jpg 500w, https:\/\/pro-alu.com\/wp-content\/uploads\/2017\/01\/tunisie-porcelaine-01-600x306.jpg 600w\" sizes=\"(max-width: 1024px) 100vw, 1024px\" \/>\t\t\t<\/div>\n\n\t\t\t<div class=\"project-list-content\">\n\n\t\t\t\t \n\n\t\t\t\t<h3 class=\"project-list-title\"><a href=\"https:\/\/pro-alu.com\/index.php\/projects-item\/siege-tunisie-porcelaine\/\" target=\"_blank\">SIEGE TUNISIE PORCELAINE<\/a><\/h3>\n\t\t\t\t<div class=\"project-list-excerpt\">\n\t\t\t\t\t<p><p>Projet :<br \/>\nSIEGE TUNISIE PORCELAINE<br \/>\n&#038; IDEAL SANITAIRE<br \/>\nLAC 1  &#8211; TUNISIE<\/p>\n<\/p>\n\t\t\t\t<\/div>\n\n\t\t\t\t<a href=\"https:\/\/pro-alu.com\/index.php\/projects-item\/siege-tunisie-porcelaine\/\" class=\"project-list-link a-btn-arrow-2\" target=\"_blank\">\n\t\t\t\t\t<span class=\"arrow-right\"><\/span>\n\t\t\t\t\tREAD\t\t\t\t<\/a>\n\n\t\t\t<\/div>\n\t\t<\/div>\n\t<\/div>\n<\/div>\t\t<\/div>\n\t\t\t\n\t\t<\/div>\n\t\t\t\t\t\t<\/div>\n\t\t\t\t<\/div>\n\t\t\t\t<\/div>\n\t\t\t\t<\/div>\n\t\t","protected":false},"excerpt":{"rendered":"","protected":false},"author":1,"featured_media":0,"parent":0,"menu_order":0,"comment_status":"closed","ping_status":"closed","template":"elementor_header_footer","meta":{"footnotes":""},"class_list":["post-4247","page","type-page","status-publish","hentry"],"featured_image_src":"","featured_image_src_square":"","_links":{"self":[{"href":"https:\/\/pro-alu.com\/index.php\/wp-json\/wp\/v2\/pages\/4247","targetHints":{"allow":["GET"]}}],"collection":[{"href":"https:\/\/pro-alu.com\/index.php\/wp-json\/wp\/v2\/pages"}],"about":[{"href":"https:\/\/pro-alu.com\/index.php\/wp-json\/wp\/v2\/types\/page"}],"author":[{"embeddable":true,"href":"https:\/\/pro-alu.com\/index.php\/wp-json\/wp\/v2\/users\/1"}],"replies":[{"embeddable":true,"href":"https:\/\/pro-alu.com\/index.php\/wp-json\/wp\/v2\/comments?post=4247"}],"version-history":[{"count":9,"href":"https:\/\/pro-alu.com\/index.php\/wp-json\/wp\/v2\/pages\/4247\/revisions"}],"predecessor-version":[{"id":5750,"href":"https:\/\/pro-alu.com\/index.php\/wp-json\/wp\/v2\/pages\/4247\/revisions\/5750"}],"wp:attachment":[{"href":"https:\/\/pro-alu.com\/index.php\/wp-json\/wp\/v2\/media?parent=4247"}],"curies":[{"name":"wp","href":"https:\/\/api.w.org\/{rel}","templated":true}]}}