{"id":3949,"date":"2023-11-01T05:58:36","date_gmt":"2023-11-01T05:58:36","guid":{"rendered":"https:\/\/prague.foxthemes.me\/elementor\/?page_id=3949"},"modified":"2023-11-01T05:58:36","modified_gmt":"2023-11-01T05:58:36","slug":"revolution-slider","status":"publish","type":"page","link":"https:\/\/pro-alu.com\/index.php\/revolution-slider\/","title":{"rendered":"Revolution Slider"},"content":{"rendered":"\t\t<div data-elementor-type=\"wp-page\" data-elementor-id=\"3949\" class=\"elementor elementor-3949\">\n\t\t\t\t<div class=\"elementor-element elementor-element-00a8ac8 e-con-full e-flex e-con e-parent\" data-id=\"00a8ac8\" data-element_type=\"container\">\n\t\t\t\t<div class=\"elementor-element elementor-element-dad5307 elementor-widget elementor-widget-slider_revolution\" data-id=\"dad5307\" data-element_type=\"widget\" data-widget_type=\"slider_revolution.default\">\n\t\t\t\t\t\n\t\t<div class=\"wp-block-themepunch-revslider\">\n\t\t\t\t<p class=\"rs-p-wp-fix\"><\/p>\n\t\t\t\t<sr7-module data-alias=\"fullscreen-slider\" data-id=\"1\" id=\"SR7_1_1\" class=\"rs-ov-hidden\" data-version=\"6.7.34\">\n\t\t\t\t\t<sr7-adjuster><\/sr7-adjuster>\n\t\t\t\t\t<sr7-content>\n\t\t\t\t\t\t<sr7-slide id=\"SR7_1_1-1\" data-key=\"1\">\n\t\t\t\t\t\t\t<sr7-bg id=\"SR7_1_1-1-14\" class=\"sr7-layer\"><noscript><img decoding=\"async\" src=\"https:\/\/pro-alu.com\/wp-content\/uploads\/2025\/09\/421.jpg\" alt=\"\" title=\"421\"><\/noscript><\/sr7-bg>\n\t\t\t\t\t\t\t<sr7-txt id=\"SR7_1_1-1-11\" class=\"sr7-layer\">TUNIS, TUNISIA<\/sr7-txt>\n\t\t\t\t\t\t\t<h1 id=\"SR7_1_1-1-12\" class=\"sr7-layer\">La solidit\u00e9 qui dure, l\u2019\u00e9l\u00e9gance qui s\u00e9duit.<\/h1>\n\t\t\t\t\t\t\t<sr7-txt id=\"SR7_1_1-1-13\" class=\"sr7-layer\">Decouvrez Nos Produits<\/sr7-txt>\n\t\t\t\t\t\t<\/sr7-slide>\n\t\t\t\t\t\t<sr7-slide id=\"SR7_1_1-2\" data-key=\"2\">\n\t\t\t\t\t\t\t<sr7-bg id=\"SR7_1_1-2-14\" class=\"sr7-layer\"><noscript><img decoding=\"async\" src=\"https:\/\/pro-alu.com\/wp-content\/uploads\/2025\/09\/2151978160.jpg\" alt=\"\" title=\"2151978160\"><\/noscript><\/sr7-bg>\n\t\t\t\t\t\t\t<sr7-txt id=\"SR7_1_1-2-11\" class=\"sr7-layer\">PRO ALU<\/sr7-txt>\n\t\t\t\t\t\t\t<h1 id=\"SR7_1_1-2-12\" class=\"sr7-layer\">Des lignes pures, \ndes solutions s\u00fbres <\/h1>\n\t\t\t\t\t\t\t<sr7-txt id=\"SR7_1_1-2-13\" class=\"sr7-layer\">Decouvrez Nos Produits<\/sr7-txt>\n\t\t\t\t\t\t<\/sr7-slide>\n\t\t\t\t\t\t<sr7-slide id=\"SR7_1_1-3\" data-key=\"3\">\n\t\t\t\t\t\t\t<sr7-bg id=\"SR7_1_1-3-14\" class=\"sr7-layer\"><noscript><img decoding=\"async\" src=\"https:\/\/pro-alu.com\/wp-content\/uploads\/2017\/05\/24.jpg\" alt=\"\" title=\"24\"><\/noscript><\/sr7-bg>\n\t\t\t\t\t\t\t<sr7-txt id=\"SR7_1_1-3-11\" class=\"sr7-layer\">PRO ALU<\/sr7-txt>\n\t\t\t\t\t\t\t<h1 id=\"SR7_1_1-3-12\" class=\"sr7-layer\">L\u2019aluminium sur mesure, sign\u00e9 Pro Alu.<\/h1>\n\t\t\t\t\t\t\t<sr7-txt id=\"SR7_1_1-3-13\" class=\"sr7-layer\">EXPLORE IT<\/sr7-txt>\n\t\t\t\t\t\t<\/sr7-slide>\n\t\t\t\t\t\t<sr7-slide id=\"SR7_1_1-5\" data-key=\"5\">\n\t\t\t\t\t\t\t<sr7-bg id=\"SR7_1_1-5-14\" class=\"sr7-layer\"><noscript><img decoding=\"async\" src=\"https:\/\/pro-alu.com\/wp-content\/uploads\/2017\/05\/43.jpg\" alt=\"\" title=\"43\"><\/noscript><\/sr7-bg>\n\t\t\t\t\t\t\t<sr7-txt id=\"SR7_1_1-5-11\" class=\"sr7-layer\">PRO ALU SYSTEMS<\/sr7-txt>\n\t\t\t\t\t\t\t<h1 id=\"SR7_1_1-5-12\" class=\"sr7-layer\">Expertise & Innovation<\/h1>\n\t\t\t\t\t\t\t<sr7-txt id=\"SR7_1_1-5-13\" class=\"sr7-layer\">EXPLORE IT<\/sr7-txt>\n\t\t\t\t\t\t<\/sr7-slide>\n\t\t\t\t\t\t<sr7-slide id=\"SR7_1_1-6\" data-key=\"6\">\n\t\t\t\t\t\t\t<sr7-txt id=\"SR7_1_1-6-1\" class=\"sr7-layer\"><\/sr7-txt>\n\t\t\t\t\t\t\t<sr7-txt id=\"SR7_1_1-6-2\" class=\"sr7-layer\"><\/sr7-txt>\n\t\t\t\t\t\t<\/sr7-slide>\n\t\t\t\t\t<\/sr7-content>\n\t\t\t\t\t<image_lists style=\"display:none\">\n\t\t\t\t\t\t<img data-src=\"\/\/pro-alu.com\/wp-content\/uploads\/2025\/09\/421.jpg\" data-libid=\"5627\" data-lib=\"medialibrary\" title=\"421\" width=\"0\" height=\"0\" data-dbsrc=\"Ly9wcm8tYWx1LmNvbS93cC1jb250ZW50L3VwbG9hZHMvMjAyNS8wOS80MjEuanBn\"\/>\n\t\t\t\t\t\t<img data-src=\"\/\/pro-alu.com\/wp-content\/uploads\/2025\/09\/2151978160.jpg\" data-libid=\"5626\" data-lib=\"medialibrary\" title=\"2151978160\" width=\"0\" height=\"0\" data-dbsrc=\"Ly9wcm8tYWx1LmNvbS93cC1jb250ZW50L3VwbG9hZHMvMjAyNS8wOS8yMTUxOTc4MTYwLmpwZw==\"\/>\n\t\t\t\t\t\t<img data-src=\"\/\/pro-alu.com\/wp-content\/uploads\/2017\/05\/24.jpg\" data-libid=\"2053\" title=\"24\" width=\"0\" height=\"0\" data-dbsrc=\"Ly9wcm8tYWx1LmNvbS93cC1jb250ZW50L3VwbG9hZHMvMjAxNy8wNS8yNC5qcGc=\"\/>\n\t\t\t\t\t\t<img loading=\"lazy\" data-src=\"\/\/pro-alu.com\/wp-content\/uploads\/2017\/05\/43.jpg\" data-libid=\"2055\" title=\"43\" width=\"0\" height=\"0\" data-dbsrc=\"Ly9wcm8tYWx1LmNvbS93cC1jb250ZW50L3VwbG9hZHMvMjAxNy8wNS80My5qcGc=\"\/>\n\t\t\t\t\t<\/image_lists>\n\t\t\t\t<\/sr7-module>\n\t\t\t\t<script>\n\t\t\t\t\tSR7.PMH ??={}; SR7.PMH[\"SR7_1_1\"] = {cn:100,state:false,fn: function() { if (_tpt!==undefined && _tpt.prepareModuleHeight !== undefined) {  _tpt.prepareModuleHeight({id:\"SR7_1_1\",el:[868,868,768,960,720],type:'standard',shdw:'0',gh:[868,868,768,960,720],gw:[1240,1240,1024,778,480],vpt:['-100px&#039;,&#039;-100px&#039;,&#039;-100px&#039;,&#039;-100px&#039;,&#039;-100px'],size:{fullWidth:true, fullHeight:true},fho:'',mh:'0',onh:0,onw:0,bg:{color:'{\"type\":\"solid\",\"orig\":\"#000000\",\"string\":\"rgba(0, 0, 0, 1)\"}'},plType:'2',plColor:'#FFFFFF'});   SR7.PMH[\"SR7_1_1\"].state=true;} else if(SR7.PMH[\"SR7_1_1\"].cn-->0)\tsetTimeout( SR7.PMH[\"SR7_1_1\"].fn,19);}};SR7.PMH[\"SR7_1_1\" ].fn();\n\t\t\t\t<\/script>\n<\/div>\n\n\t\t\t\t\t\t<\/div>\n\t\t\t\t<\/div>\n\t\t\t\t<\/div>\n\t\t","protected":false},"excerpt":{"rendered":"TUNIS, TUNISIA La solidit\u00e9 qui dure, l\u2019\u00e9l\u00e9gance qui s\u00e9duit. Decouvrez Nos Produits PRO ALU Des lignes pures, des solutions s\u00fbres","protected":false},"author":1,"featured_media":0,"parent":0,"menu_order":0,"comment_status":"closed","ping_status":"closed","template":"elementor_header_footer","meta":{"footnotes":""},"class_list":["post-3949","page","type-page","status-publish","hentry"],"featured_image_src":"","featured_image_src_square":"","_links":{"self":[{"href":"https:\/\/pro-alu.com\/index.php\/wp-json\/wp\/v2\/pages\/3949","targetHints":{"allow":["GET"]}}],"collection":[{"href":"https:\/\/pro-alu.com\/index.php\/wp-json\/wp\/v2\/pages"}],"about":[{"href":"https:\/\/pro-alu.com\/index.php\/wp-json\/wp\/v2\/types\/page"}],"author":[{"embeddable":true,"href":"https:\/\/pro-alu.com\/index.php\/wp-json\/wp\/v2\/users\/1"}],"replies":[{"embeddable":true,"href":"https:\/\/pro-alu.com\/index.php\/wp-json\/wp\/v2\/comments?post=3949"}],"version-history":[{"count":0,"href":"https:\/\/pro-alu.com\/index.php\/wp-json\/wp\/v2\/pages\/3949\/revisions"}],"wp:attachment":[{"href":"https:\/\/pro-alu.com\/index.php\/wp-json\/wp\/v2\/media?parent=3949"}],"curies":[{"name":"wp","href":"https:\/\/api.w.org\/{rel}","templated":true}]}}