{"id":3612,"date":"2023-10-30T10:12:00","date_gmt":"2023-10-30T10:12:00","guid":{"rendered":"https:\/\/prague.foxthemes.me\/elementor\/?page_id=3612"},"modified":"2025-09-03T12:13:01","modified_gmt":"2025-09-03T12:13:01","slug":"contact-us","status":"publish","type":"page","link":"https:\/\/pro-alu.com\/index.php\/contact-us\/","title":{"rendered":"Contact Us"},"content":{"rendered":"\t\t<div data-elementor-type=\"wp-page\" data-elementor-id=\"3612\" class=\"elementor elementor-3612\">\n\t\t\t\t<div class=\"elementor-element elementor-element-d12eb49 e-con-full e-flex e-con e-parent\" data-id=\"d12eb49\" data-element_type=\"container\">\n\t\t\t\t<div class=\"elementor-element elementor-element-1eec162 elementor-widget elementor-widget-banner-title\" data-id=\"1eec162\" data-element_type=\"widget\" data-widget_type=\"banner-title.default\">\n\t\t\t\t<div class=\"elementor-widget-container\">\n\t\t\t\t\t\t\t<section class=\"container-fluid top-banner no-padd  big fullheight light\">\t\t\t\t<span class=\"overlay\"><\/span>\n\t\t\t<img decoding=\"async\" src=\"https:\/\/pro-alu.com\/wp-content\/uploads\/2017\/01\/background-top-proalu-01.jpg\" class=\"s-img-switch\" alt=\"\" \/>\t\t\t<div class=\"content\">\n\t\t\t\t<div class=\"prague-svg-animation-text\">\n\t\t\t\t\t\t\t\t\t<\/div>\n\t\t\t\t<div class=\"subtitle\">CONTACTEZ NOUS<\/div>\t\t\t\t<h1 class=\"title\">Demandez votre devis<\/h1>\t\t\t\t\t\t\t\t\t\t\t<\/div>\n\t\t\t<div class=\"top-banner-cursor\"><\/div>\n\t\t<\/section>\n\t\t\t\t\t\t<\/div>\n\t\t\t\t<\/div>\n\t\t\t\t<\/div>\n\t\t<div class=\"elementor-element elementor-element-1350c78 e-flex e-con-boxed e-con e-parent\" data-id=\"1350c78\" data-element_type=\"container\">\n\t\t\t\t\t<div class=\"e-con-inner\">\n\t\t<div class=\"elementor-element elementor-element-b87d8d5 e-con-full e-flex e-con e-child\" data-id=\"b87d8d5\" data-element_type=\"container\">\n\t\t\t\t<div class=\"elementor-element elementor-element-2b47c5b elementor-widget elementor-widget-headings-widget\" data-id=\"2b47c5b\" data-element_type=\"widget\" data-widget_type=\"headings-widget.default\">\n\t\t\t\t<div class=\"elementor-widget-container\">\n\t\t\t\t\t            <div class=\"heading  left dark \">\n\t\t\t\t\n\t\t\t\t                    <div class=\"subtitle \">CONTACT<\/div>\n                                                    <h2 class=\"title s\">Construisons votre projet ensemble d\u00e8s aujourd\u2019hui<\/h2>\n                \t\t\t\t                <div class=\"content \">\n                    <p><p>Pour toute demande de devis ou pour organiser une visite de notre showroom ou de notre si\u00e8ge, notre \u00e9quipe est \u00e0 votre disposition. N\u2019h\u00e9sitez pas \u00e0 nous joindre pour d\u00e9couvrir nos solutions aluminium adapt\u00e9es \u00e0 vos projets.<\/p><\/p><\/div>\n\t\t\t\t\n            <\/div>\n\t\t\t\t\t\t\t<\/div>\n\t\t\t\t<\/div>\n\t\t<div class=\"elementor-element elementor-element-f1efa80 e-con-full e-flex e-con e-child\" data-id=\"f1efa80\" data-element_type=\"container\">\n\t\t<div class=\"elementor-element elementor-element-3ed4783 e-con-full e-flex e-con e-child\" data-id=\"3ed4783\" data-element_type=\"container\">\n\t\t\t\t<div class=\"elementor-element elementor-element-2abbbce elementor-widget elementor-widget-address-widget\" data-id=\"2abbbce\" data-element_type=\"widget\" data-widget_type=\"address-widget.default\">\n\t\t\t\t<div class=\"elementor-widget-container\">\n\t\t\t\t\t\t\t <div class=\"adddress-block  \">\n          \n          <div class=\"address-block-outer\">\n                        <span class=\"separator\"><\/span>\n                        \n                        <h4 class=\"address-title\"> TELEPHONE<\/h4>\n            \n            \n            <p>(+216) 71 291 142<\/p>\n<p>(+216) 26 601 602<\/p>\n          <\/div>\n      <\/div>\n      \t\t\t\t<\/div>\n\t\t\t\t<\/div>\n\t\t\t\t<\/div>\n\t\t<div class=\"elementor-element elementor-element-6b4b13e e-con-full e-flex e-con e-child\" data-id=\"6b4b13e\" data-element_type=\"container\">\n\t\t\t\t<div class=\"elementor-element elementor-element-6da93c9 elementor-widget elementor-widget-address-widget\" data-id=\"6da93c9\" data-element_type=\"widget\" data-widget_type=\"address-widget.default\">\n\t\t\t\t<div class=\"elementor-widget-container\">\n\t\t\t\t\t\t\t <div class=\"adddress-block  \">\n          \n          <div class=\"address-block-outer\">\n                        <span class=\"separator\"><\/span>\n                        \n                        <h4 class=\"address-title\">EMAIL<\/h4>\n            \n            \n            <p>showroom@pro-alu.com<\/p>\n<p>commercial@pro-alu.com<\/p>\n          <\/div>\n      <\/div>\n      \t\t\t\t<\/div>\n\t\t\t\t<\/div>\n\t\t\t\t<\/div>\n\t\t\t\t<\/div>\n\t\t\t\t<\/div>\n\t\t<div class=\"elementor-element elementor-element-e221449 e-con-full e-flex e-con e-child\" data-id=\"e221449\" data-element_type=\"container\">\n\t\t\t\t<div class=\"elementor-element elementor-element-6f491e1 elementor-widget elementor-widget-formidablez\" data-id=\"6f491e1\" data-element_type=\"widget\" data-widget_type=\"formidablez.default\">\n\t\t\t\t<div class=\"elementor-widget-container\">\n\t\t\t\t\t\t\t\n\t\t\t<div class=\"prague-formidable \"> <div class=\"frm_forms  with_frm_style frm_style_formidable-style-2-3\" id=\"frm_form_2_container\" >\n<form enctype=\"multipart\/form-data\" method=\"post\" class=\"frm-show-form contact-us-form\" id=\"form_jgd6s\" >\n<div class=\"frm_form_fields \">\n<fieldset>\n<legend class=\"frm_hidden\">Contact Us Form<\/legend>\r\n\r\n<div class=\"frm_fields_container\">\n<input type=\"hidden\" name=\"frm_action\" value=\"create\" \/>\n<input type=\"hidden\" name=\"form_id\" value=\"2\" \/>\n<input type=\"hidden\" name=\"frm_hide_fields_2\" id=\"frm_hide_fields_2\" value=\"\" \/>\n<input type=\"hidden\" name=\"form_key\" value=\"jgd6s\" \/>\n<input type=\"hidden\" name=\"item_meta[0]\" value=\"\" \/>\n<input type=\"hidden\" id=\"frm_submit_entry_2\" name=\"frm_submit_entry_2\" value=\"02163ecd67\" \/><input type=\"hidden\" name=\"_wp_http_referer\" value=\"\/index.php\/wp-json\/wp\/v2\/pages\/3612\" \/><div id=\"frm_field_27_container\" class=\"frm_form_field form-field  frm_required_field frm_top_container vertical_radio\">\n\t<div  id=\"field_glbwo_label\" class=\"frm_primary_label\">Etes vous \n\t\t<span class=\"frm_required\" aria-hidden=\"true\">*<\/span>\n\t<\/div>\n\t<div class=\"frm_opt_container\" aria-labelledby=\"field_glbwo_label\" role=\"group\">\t\t<div class=\"frm_checkbox\" id=\"frm_checkbox_27-0\">\t\t\t<label  for=\"field_glbwo-0\">\n\t\t\t<input type=\"checkbox\" name=\"item_meta[27][]\" id=\"field_glbwo-0\" value=\"Professionnel\"  data-reqmsg=\"Etes vous  cannot be blank.\" data-invmsg=\"Etes vous  est non valide\" aria-invalid=\"false\"   aria-required=\"true\"  \/> Professionnel<\/label><\/div>\n\t\t<div class=\"frm_checkbox\" id=\"frm_checkbox_27-1\">\t\t\t<label  for=\"field_glbwo-1\">\n\t\t\t<input type=\"checkbox\" name=\"item_meta[27][]\" id=\"field_glbwo-1\" value=\"Particulier\"  data-reqmsg=\"Etes vous  cannot be blank.\" data-invmsg=\"Etes vous  est non valide\" aria-invalid=\"false\"   \/> Particulier<\/label><\/div>\n<\/div>\n\t\n\t\n<\/div>\n<div class=\"row\">\r\n<div class=\"col-md-6 col-sm-6\">\r\n<div id=\"frm_field_6_container\" class=\"frm_form_field form-field  frm_required_field frm_none_container\">\r\n    <label for=\"field_tgfdg\" class=\"frm_primary_label\">Nom\r\n        <span class=\"frm_required\">*<\/span>\r\n    <\/label>\r\n    <input type=\"text\" id=\"field_tgfdg\" name=\"item_meta[6]\" value=\"\"  placeholder=\"Nom\" data-reqmsg=\"Nom cannot be blank.\" aria-required=\"true\" data-invmsg=\"Nom est non valide\" aria-invalid=\"false\"  \/>\r\n    \r\n    \r\n<\/div>\r\n<\/div>\n<div class=\"col-md-6 col-sm-6\">\r\n<div id=\"frm_field_7_container\" class=\"frm_form_field form-field  frm_none_container\">\r\n    <label for=\"field_4bs9q\" class=\"frm_primary_label\">Telephone\r\n        <span class=\"frm_required\"><\/span>\r\n    <\/label>\r\n    <input type=\"text\" id=\"field_4bs9q\" name=\"item_meta[7]\" value=\"\"  placeholder=\"+216 12 123 123\" data-invmsg=\"Telephone est non valide\" aria-invalid=\"false\"  \/>\r\n    \r\n    \r\n<\/div>\r\n<\/div>\r\n<\/div>\n<div id=\"frm_field_8_container\" class=\"frm_form_field form-field  frm_required_field frm_none_container\">\r\n    <label for=\"field_1ghyp\" class=\"frm_primary_label\">Email \r\n        <span class=\"frm_required\">*<\/span>\r\n    <\/label>\r\n    <input type=\"email\" id=\"field_1ghyp\" name=\"item_meta[8]\" value=\"\"  placeholder=\"example@mail.com\" data-reqmsg=\"Email  cannot be blank.\" aria-required=\"true\" data-invmsg=\"Email  est non valide\" aria-invalid=\"false\"  \/>\r\n    \r\n    \r\n<\/div>\n<div id=\"frm_field_9_container\" class=\"frm_form_field form-field  frm_none_container\">\r\n    <label for=\"field_jy2v2\" class=\"frm_primary_label\">Paragraph Text\r\n        <span class=\"frm_required\"><\/span>\r\n    <\/label>\r\n    <textarea name=\"item_meta[9]\" id=\"field_jy2v2\" rows=\"5\"  placeholder=\"Message\" data-invmsg=\"Paragraph Text est non valide\" aria-invalid=\"false\"  ><\/textarea>\r\n    \r\n    \r\n<\/div>\n<div id=\"frm_field_28_container\" class=\"frm_form_field form-field  frm_required_field frm_top_container\">\n\t<label for=\"field_oj9sq\" id=\"field_oj9sq_label\" class=\"frm_primary_label\">\u00cates-vous int\u00e9ress\u00e9(e)(s) par : \n\t\t<span class=\"frm_required\" aria-hidden=\"true\">*<\/span>\n\t<\/label>\n\t\t\t<select name=\"item_meta[28]\" id=\"field_oj9sq\"  data-reqmsg=\"\u00cates-vous int\u00e9ress\u00e9(e)(s) par :  cannot be blank.\" aria-required=\"true\" data-invmsg=\"\u00cates-vous int\u00e9ress\u00e9(e)(s) par :  est non valide\" aria-invalid=\"false\"  >\n\t\t<option  value=\"Menuiserie g\u00e9n\u00e9rale aluminium\">Menuiserie g\u00e9n\u00e9rale aluminium<\/option><option  value=\"Nos Facades\">Nos Facades<\/option><option  value=\"Nos Pergolas\">Nos Pergolas<\/option><option  value=\"Nos Volets\">Nos Volets<\/option><option  value=\"Nos Portails\">Nos Portails<\/option><option  value=\"Nos Garde-corps\">Nos Garde-corps<\/option>\t<\/select>\n\t\n\t\n\t\n<\/div>\n<div id=\"frm_field_26_container\" class=\"frm_form_field form-field \">\n\t<div class=\"frm_submit\">\r\n\r\n<img decoding=\"async\" class=\"frm_ajax_loading\" src=\"https:\/\/pro-alu.com\/wp-content\/plugins\/formidable\/images\/ajax_loader.gif\" alt=\"Sending\"\/>\r\n<input type=\"submit\" value=\"Envoyer\"  \/>\r\n<span class=\"arrow-right\"><\/span>\r\n\r\n<\/div>\n<\/div>\n\t<input type=\"hidden\" name=\"item_key\" value=\"\" \/>\n\t\t\t<div id=\"frm_field_29_container\">\n\t\t\t<label for=\"field_8i41t\" >\n\t\t\t\tSi vous \u00eates un humain, ne remplissez pas ce champ.\t\t\t<\/label>\n\t\t\t<input  id=\"field_8i41t\" type=\"text\" class=\"frm_form_field form-field frm_verify\" name=\"item_meta[29]\" value=\"\"  \/>\n\t\t<\/div>\n\t\t<input name=\"frm_state\" type=\"hidden\" value=\"VPs\/0rftZwlrHbIrbLysXFh05A6Eo3sjovK0djkhZEA=\" \/><\/div>\n<\/fieldset>\n<\/div>\n\n<\/form>\n<\/div>\n\t\t\t<\/div>\n\t\t\t<div class=\"test 2\"><\/div>\n\t\t\t\n\t\t\t\t\t<\/div>\n\t\t\t\t<\/div>\n\t\t\t\t<\/div>\n\t\t\t\t\t<\/div>\n\t\t\t\t<\/div>\n\t\t<div class=\"elementor-element elementor-element-a543f64 e-con-full e-flex e-con e-parent\" data-id=\"a543f64\" data-element_type=\"container\">\n\t\t\t\t<div class=\"elementor-element elementor-element-52f6555 elementor-widget elementor-widget-google_maps\" data-id=\"52f6555\" data-element_type=\"widget\" data-widget_type=\"google_maps.default\">\n\t\t\t\t\t\t\t<div class=\"elementor-custom-embed\">\n\t\t\t<iframe loading=\"lazy\"\n\t\t\t\t\tsrc=\"https:\/\/maps.google.com\/maps?q=41%20rue%20de%20l%27industrie%2C%20Tunis&#038;t=m&#038;z=13&#038;output=embed&#038;iwloc=near\"\n\t\t\t\t\ttitle=\"41 rue de l&#039;industrie, Tunis\"\n\t\t\t\t\taria-label=\"41 rue de l&#039;industrie, Tunis\"\n\t\t\t><\/iframe>\n\t\t<\/div>\n\t\t\t\t\t\t<\/div>\n\t\t\t\t<\/div>\n\t\t\t\t<\/div>\n\t\t","protected":false},"excerpt":{"rendered":"","protected":false},"author":1,"featured_media":0,"parent":0,"menu_order":0,"comment_status":"closed","ping_status":"closed","template":"elementor_header_footer","meta":{"footnotes":""},"class_list":["post-3612","page","type-page","status-publish","hentry"],"featured_image_src":"","featured_image_src_square":"","_links":{"self":[{"href":"https:\/\/pro-alu.com\/index.php\/wp-json\/wp\/v2\/pages\/3612","targetHints":{"allow":["GET"]}}],"collection":[{"href":"https:\/\/pro-alu.com\/index.php\/wp-json\/wp\/v2\/pages"}],"about":[{"href":"https:\/\/pro-alu.com\/index.php\/wp-json\/wp\/v2\/types\/page"}],"author":[{"embeddable":true,"href":"https:\/\/pro-alu.com\/index.php\/wp-json\/wp\/v2\/users\/1"}],"replies":[{"embeddable":true,"href":"https:\/\/pro-alu.com\/index.php\/wp-json\/wp\/v2\/comments?post=3612"}],"version-history":[{"count":9,"href":"https:\/\/pro-alu.com\/index.php\/wp-json\/wp\/v2\/pages\/3612\/revisions"}],"predecessor-version":[{"id":5451,"href":"https:\/\/pro-alu.com\/index.php\/wp-json\/wp\/v2\/pages\/3612\/revisions\/5451"}],"wp:attachment":[{"href":"https:\/\/pro-alu.com\/index.php\/wp-json\/wp\/v2\/media?parent=3612"}],"curies":[{"name":"wp","href":"https:\/\/api.w.org\/{rel}","templated":true}]}}